{"id":344,"date":"2023-06-21T15:16:18","date_gmt":"2023-06-21T15:16:18","guid":{"rendered":"https:\/\/frosty-hopper.46-242-128-94.plesk.page\/?page_id=344"},"modified":"2023-06-21T15:24:40","modified_gmt":"2023-06-21T15:24:40","slug":"contact","status":"publish","type":"page","link":"https:\/\/eog-szkoly.zory.pl\/en\/contact\/","title":{"rendered":"Contact"},"content":{"rendered":"\t\t<div data-elementor-type=\"wp-page\" data-elementor-id=\"344\" class=\"elementor elementor-344 elementor-340\" data-elementor-post-type=\"page\">\n\t\t\t\t<div class=\"elementor-element elementor-element-8aeb24d e-flex e-con-boxed e-con e-parent\" data-id=\"8aeb24d\" data-element_type=\"container\" data-e-type=\"container\">\n\t\t\t\t\t<div class=\"e-con-inner\">\n\t\t\t\t<div class=\"elementor-element elementor-element-5c48011 elementor-widget elementor-widget-heading\" data-id=\"5c48011\" data-element_type=\"widget\" data-e-type=\"widget\" data-widget_type=\"heading.default\">\n\t\t\t\t<div class=\"elementor-widget-container\">\n\t\t\t\t\t<h2 class=\"elementor-heading-title elementor-size-default\">Contact<\/h2>\t\t\t\t<\/div>\n\t\t\t\t<\/div>\n\t\t<div class=\"elementor-element elementor-element-5f437fb e-flex e-con-boxed e-con e-parent\" data-id=\"5f437fb\" data-element_type=\"container\" data-e-type=\"container\">\n\t\t\t\t\t<div class=\"e-con-inner\">\n\t\t<div class=\"elementor-element elementor-element-7b9c879 e-flex e-con-boxed e-con e-parent\" data-id=\"7b9c879\" data-element_type=\"container\" data-e-type=\"container\">\n\t\t\t\t\t<div class=\"e-con-inner\">\n\t\t\t\t<div class=\"elementor-element elementor-element-ea61eec elementor-widget elementor-widget-heading\" data-id=\"ea61eec\" data-element_type=\"widget\" data-e-type=\"widget\" data-widget_type=\"heading.default\">\n\t\t\t\t<div class=\"elementor-widget-container\">\n\t\t\t\t\t<h2 class=\"elementor-heading-title elementor-size-default\">City of \u017bory<\/h2>\t\t\t\t<\/div>\n\t\t\t\t<\/div>\n\t\t\t\t<div class=\"elementor-element elementor-element-dce40ca elementor-widget elementor-widget-text-editor\" data-id=\"dce40ca\" data-element_type=\"widget\" data-e-type=\"widget\" data-widget_type=\"text-editor.default\">\n\t\t\t\t<div class=\"elementor-widget-container\">\n\t\t\t\t\t\t\t\t\t<p><strong>Adrian\u00a0<span class=\"il\">Lubszczyk<\/span><\/strong><br \/>Wydzia\u0142 Promocji, Kultury i Sportu<br \/>Urz\u0105d Miasta \u017bory, Rynek 9, <br \/>entrance C, room 104a<br \/>phone +48 32 43 48 176<\/p>\t\t\t\t\t\t\t\t<\/div>\n\t\t\t\t<\/div>\n\t\t\t\t\t<\/div>\n\t\t\t\t<\/div>\n\t\t<div class=\"elementor-element elementor-element-6baff35 e-flex e-con-boxed e-con e-parent\" data-id=\"6baff35\" data-element_type=\"container\" data-e-type=\"container\">\n\t\t\t\t\t<div class=\"e-con-inner\">\n\t\t\t\t<div class=\"elementor-element elementor-element-3bba6dd elementor-widget elementor-widget-heading\" data-id=\"3bba6dd\" data-element_type=\"widget\" data-e-type=\"widget\" data-widget_type=\"heading.default\">\n\t\t\t\t<div class=\"elementor-widget-container\">\n\t\t\t\t\t<h2 class=\"elementor-heading-title elementor-size-default\">Primary School No. 4<\/h2>\t\t\t\t<\/div>\n\t\t\t\t<\/div>\n\t\t\t\t<div class=\"elementor-element elementor-element-6dc5287 elementor-widget elementor-widget-text-editor\" data-id=\"6dc5287\" data-element_type=\"widget\" data-e-type=\"widget\" data-widget_type=\"text-editor.default\">\n\t\t\t\t<div class=\"elementor-widget-container\">\n\t\t\t\t\t\t\t\t\t<p>ul. Bory\u0144ska 38C<br \/>44-240 \u017bory<br \/>phone +48 32 434 17 62<\/p><p><a href=\"mailto:sp4zory@gmail.com\">sp4zory@gmail.com\u00a0<\/a><\/p>\t\t\t\t\t\t\t\t<\/div>\n\t\t\t\t<\/div>\n\t\t\t\t\t<\/div>\n\t\t\t\t<\/div>\n\t\t<div class=\"elementor-element elementor-element-5d90af5 e-flex e-con-boxed e-con e-parent\" data-id=\"5d90af5\" data-element_type=\"container\" data-e-type=\"container\">\n\t\t\t\t\t<div class=\"e-con-inner\">\n\t\t\t\t<div class=\"elementor-element elementor-element-f3b3f90 elementor-widget elementor-widget-heading\" data-id=\"f3b3f90\" data-element_type=\"widget\" data-e-type=\"widget\" data-widget_type=\"heading.default\">\n\t\t\t\t<div class=\"elementor-widget-container\">\n\t\t\t\t\t<h2 class=\"elementor-heading-title elementor-size-default\">Technical School No. 1<\/h2>\t\t\t\t<\/div>\n\t\t\t\t<\/div>\n\t\t\t\t<div class=\"elementor-element elementor-element-7f6bd7a elementor-widget elementor-widget-text-editor\" data-id=\"7f6bd7a\" data-element_type=\"widget\" data-e-type=\"widget\" data-widget_type=\"text-editor.default\">\n\t\t\t\t<div class=\"elementor-widget-container\">\n\t\t\t\t\t\t\t\t\t<p>ul. Rybnicka 5<br \/>44-240 \u017bory<br \/>phone +48 32 43 42 944<\/p><p><a role=\"link\" href=\"mailto:technikum1@zsbi.pl\">technikum1@zsbi.pl<\/a><\/p>\t\t\t\t\t\t\t\t<\/div>\n\t\t\t\t<\/div>\n\t\t\t\t\t<\/div>\n\t\t\t\t<\/div>\n\t\t\t\t\t<\/div>\n\t\t\t\t<\/div>\n\t\t\t\t\t<\/div>\n\t\t\t\t<\/div>\n\t\t\t\t<\/div>\n\t\t","protected":false},"excerpt":{"rendered":"<p>Contact City of \u017bory Adrian\u00a0LubszczykWydzia\u0142 Promocji, Kultury i SportuUrz\u0105d Miasta \u017bory, Rynek 9, entrance C, room 104aphone +48 32 43 48 176 Primary School No. 4 ul. Bory\u0144ska 38C44-240 \u017boryphone +48 32 434 17 62 sp4zory@gmail.com\u00a0 Technical School No. 1 ul. Rybnicka 544-240 \u017boryphone +48 32 43 42 944 technikum1@zsbi.pl<\/p>\n","protected":false},"author":1,"featured_media":0,"parent":0,"menu_order":0,"comment_status":"closed","ping_status":"closed","template":"","meta":{"footnotes":""},"class_list":["post-344","page","type-page","status-publish","hentry"],"yoast_head":"<!-- This site is optimized with the Yoast SEO plugin v27.3 - https:\/\/yoast.com\/product\/yoast-seo-wordpress\/ -->\n<title>Ffizjoterapia uroginekologiczna - Monika Ka\u0142u\u017ca - Oferta<\/title>\n<meta name=\"description\" content=\"Fizjoterapia uroginekologiczna pomaga w przygotowanie do ci\u0105\u017cy, walce z niep\u0142odno\u015bci\u0105, bolesnym miesi\u0105czkowaniu, doj\u015bciu do siebie po po\u0142ogu, itp.\" \/>\n<meta name=\"robots\" content=\"index, follow, max-snippet:-1, max-image-preview:large, max-video-preview:-1\" \/>\n<link rel=\"canonical\" href=\"https:\/\/eog-szkoly.zory.pl\/en\/contact\/\" \/>\n<meta property=\"og:locale\" content=\"en_US\" \/>\n<meta property=\"og:type\" content=\"article\" \/>\n<meta property=\"og:title\" content=\"Ffizjoterapia uroginekologiczna - Monika Ka\u0142u\u017ca - Oferta\" \/>\n<meta property=\"og:description\" content=\"Fizjoterapia uroginekologiczna pomaga w przygotowanie do ci\u0105\u017cy, walce z niep\u0142odno\u015bci\u0105, bolesnym miesi\u0105czkowaniu, doj\u015bciu do siebie po po\u0142ogu, itp.\" \/>\n<meta property=\"og:url\" content=\"https:\/\/eog-szkoly.zory.pl\/en\/contact\/\" \/>\n<meta property=\"og:site_name\" content=\"Kompleksowe dzia\u0142ania na rzecz poprawy efektywno\u015bci energetycznej budynk\u00f3w Szko\u0142y Podstawowej nr 4 i Technikum nr 1 w \u017borach\" \/>\n<meta property=\"article:modified_time\" content=\"2023-06-21T15:24:40+00:00\" \/>\n<meta name=\"twitter:card\" content=\"summary_large_image\" \/>\n<meta name=\"twitter:label1\" content=\"Est. reading time\" \/>\n\t<meta name=\"twitter:data1\" content=\"4 minutes\" \/>\n<script type=\"application\/ld+json\" class=\"yoast-schema-graph\">{\"@context\":\"https:\\\/\\\/schema.org\",\"@graph\":[{\"@type\":\"WebPage\",\"@id\":\"https:\\\/\\\/eog-szkoly.zory.pl\\\/en\\\/contact\\\/\",\"url\":\"https:\\\/\\\/eog-szkoly.zory.pl\\\/en\\\/contact\\\/\",\"name\":\"Ffizjoterapia uroginekologiczna - Monika Ka\u0142u\u017ca - Oferta\",\"isPartOf\":{\"@id\":\"https:\\\/\\\/eog-szkoly.zory.pl\\\/#website\"},\"datePublished\":\"2023-06-21T15:16:18+00:00\",\"dateModified\":\"2023-06-21T15:24:40+00:00\",\"description\":\"Fizjoterapia uroginekologiczna pomaga w przygotowanie do ci\u0105\u017cy, walce z niep\u0142odno\u015bci\u0105, bolesnym miesi\u0105czkowaniu, doj\u015bciu do siebie po po\u0142ogu, itp.\",\"breadcrumb\":{\"@id\":\"https:\\\/\\\/eog-szkoly.zory.pl\\\/en\\\/contact\\\/#breadcrumb\"},\"inLanguage\":\"en-US\",\"potentialAction\":[{\"@type\":\"ReadAction\",\"target\":[\"https:\\\/\\\/eog-szkoly.zory.pl\\\/en\\\/contact\\\/\"]}]},{\"@type\":\"BreadcrumbList\",\"@id\":\"https:\\\/\\\/eog-szkoly.zory.pl\\\/en\\\/contact\\\/#breadcrumb\",\"itemListElement\":[{\"@type\":\"ListItem\",\"position\":1,\"name\":\"Strona g\u0142\u00f3wna\",\"item\":\"https:\\\/\\\/eog-szkoly.zory.pl\\\/en\\\/\"},{\"@type\":\"ListItem\",\"position\":2,\"name\":\"Contact\"}]},{\"@type\":\"WebSite\",\"@id\":\"https:\\\/\\\/eog-szkoly.zory.pl\\\/#website\",\"url\":\"https:\\\/\\\/eog-szkoly.zory.pl\\\/\",\"name\":\"Kompleksowe dzia\u0142ania na rzecz poprawy efektywno\u015bci energetycznej budynk\u00f3w Szko\u0142y Podstawowej nr 4 i Technikum nr 1 w \u017borach\",\"description\":\"\",\"potentialAction\":[{\"@type\":\"SearchAction\",\"target\":{\"@type\":\"EntryPoint\",\"urlTemplate\":\"https:\\\/\\\/eog-szkoly.zory.pl\\\/?s={search_term_string}\"},\"query-input\":{\"@type\":\"PropertyValueSpecification\",\"valueRequired\":true,\"valueName\":\"search_term_string\"}}],\"inLanguage\":\"en-US\"}]}<\/script>\n<!-- \/ Yoast SEO plugin. -->","yoast_head_json":{"title":"Ffizjoterapia uroginekologiczna - Monika Ka\u0142u\u017ca - Oferta","description":"Fizjoterapia uroginekologiczna pomaga w przygotowanie do ci\u0105\u017cy, walce z niep\u0142odno\u015bci\u0105, bolesnym miesi\u0105czkowaniu, doj\u015bciu do siebie po po\u0142ogu, itp.","robots":{"index":"index","follow":"follow","max-snippet":"max-snippet:-1","max-image-preview":"max-image-preview:large","max-video-preview":"max-video-preview:-1"},"canonical":"https:\/\/eog-szkoly.zory.pl\/en\/contact\/","og_locale":"en_US","og_type":"article","og_title":"Ffizjoterapia uroginekologiczna - Monika Ka\u0142u\u017ca - Oferta","og_description":"Fizjoterapia uroginekologiczna pomaga w przygotowanie do ci\u0105\u017cy, walce z niep\u0142odno\u015bci\u0105, bolesnym miesi\u0105czkowaniu, doj\u015bciu do siebie po po\u0142ogu, itp.","og_url":"https:\/\/eog-szkoly.zory.pl\/en\/contact\/","og_site_name":"Kompleksowe dzia\u0142ania na rzecz poprawy efektywno\u015bci energetycznej budynk\u00f3w Szko\u0142y Podstawowej nr 4 i Technikum nr 1 w \u017borach","article_modified_time":"2023-06-21T15:24:40+00:00","twitter_card":"summary_large_image","twitter_misc":{"Est. reading time":"4 minutes"},"schema":{"@context":"https:\/\/schema.org","@graph":[{"@type":"WebPage","@id":"https:\/\/eog-szkoly.zory.pl\/en\/contact\/","url":"https:\/\/eog-szkoly.zory.pl\/en\/contact\/","name":"Ffizjoterapia uroginekologiczna - Monika Ka\u0142u\u017ca - Oferta","isPartOf":{"@id":"https:\/\/eog-szkoly.zory.pl\/#website"},"datePublished":"2023-06-21T15:16:18+00:00","dateModified":"2023-06-21T15:24:40+00:00","description":"Fizjoterapia uroginekologiczna pomaga w przygotowanie do ci\u0105\u017cy, walce z niep\u0142odno\u015bci\u0105, bolesnym miesi\u0105czkowaniu, doj\u015bciu do siebie po po\u0142ogu, itp.","breadcrumb":{"@id":"https:\/\/eog-szkoly.zory.pl\/en\/contact\/#breadcrumb"},"inLanguage":"en-US","potentialAction":[{"@type":"ReadAction","target":["https:\/\/eog-szkoly.zory.pl\/en\/contact\/"]}]},{"@type":"BreadcrumbList","@id":"https:\/\/eog-szkoly.zory.pl\/en\/contact\/#breadcrumb","itemListElement":[{"@type":"ListItem","position":1,"name":"Strona g\u0142\u00f3wna","item":"https:\/\/eog-szkoly.zory.pl\/en\/"},{"@type":"ListItem","position":2,"name":"Contact"}]},{"@type":"WebSite","@id":"https:\/\/eog-szkoly.zory.pl\/#website","url":"https:\/\/eog-szkoly.zory.pl\/","name":"Kompleksowe dzia\u0142ania na rzecz poprawy efektywno\u015bci energetycznej budynk\u00f3w Szko\u0142y Podstawowej nr 4 i Technikum nr 1 w \u017borach","description":"","potentialAction":[{"@type":"SearchAction","target":{"@type":"EntryPoint","urlTemplate":"https:\/\/eog-szkoly.zory.pl\/?s={search_term_string}"},"query-input":{"@type":"PropertyValueSpecification","valueRequired":true,"valueName":"search_term_string"}}],"inLanguage":"en-US"}]}},"_links":{"self":[{"href":"https:\/\/eog-szkoly.zory.pl\/en\/wp-json\/wp\/v2\/pages\/344","targetHints":{"allow":["GET"]}}],"collection":[{"href":"https:\/\/eog-szkoly.zory.pl\/en\/wp-json\/wp\/v2\/pages"}],"about":[{"href":"https:\/\/eog-szkoly.zory.pl\/en\/wp-json\/wp\/v2\/types\/page"}],"author":[{"embeddable":true,"href":"https:\/\/eog-szkoly.zory.pl\/en\/wp-json\/wp\/v2\/users\/1"}],"replies":[{"embeddable":true,"href":"https:\/\/eog-szkoly.zory.pl\/en\/wp-json\/wp\/v2\/comments?post=344"}],"version-history":[{"count":8,"href":"https:\/\/eog-szkoly.zory.pl\/en\/wp-json\/wp\/v2\/pages\/344\/revisions"}],"predecessor-version":[{"id":352,"href":"https:\/\/eog-szkoly.zory.pl\/en\/wp-json\/wp\/v2\/pages\/344\/revisions\/352"}],"wp:attachment":[{"href":"https:\/\/eog-szkoly.zory.pl\/en\/wp-json\/wp\/v2\/media?parent=344"}],"curies":[{"name":"wp","href":"https:\/\/api.w.org\/{rel}","templated":true}]}}